{"id":2036,"date":"2019-05-12T11:26:59","date_gmt":"2019-05-12T09:26:59","guid":{"rendered":"https:\/\/www.lapyramideduloup.com\/?page_id=2036"},"modified":"2025-09-28T15:44:45","modified_gmt":"2025-09-28T13:44:45","slug":"partners-friends","status":"publish","type":"page","link":"https:\/\/www.lapyramideduloup.com\/en\/partners-friends\/","title":{"rendered":"Partners &#038; Friends"},"content":{"rendered":"<p><strong>\u00a0 \u00a0 Partners<\/strong><\/p>\n<p><img loading=\"lazy\" class=\" wp-image-101 alignleft\" src=\"http:\/\/www.lapyramideduloup.com\/wp-content\/uploads\/2018\/03\/GrupoLobocabd.png\" alt=\"\" width=\"104\" height=\"143\" \/>Grupo\u00a0Lobo&#8217;s mission is to provide accurate and up-to-date information on wolves,<br \/>\ncontribute to the development of scientific studies on species, to raise public awareness of the importance of this predator and to promote protective measures that aim to improve coexistence between humans and wolves.<\/p>\n<p>Centro de Recupera\u00e7\u00e3o do Lobo Ib\u00e9rico<br \/>\n: <strong><a href=\"http:\/\/www.lobo.fc.ul.pt\" target=\"_blank\" rel=\"noopener\">www.lobo.fc.ul.pt<\/a><\/strong><\/p>\n<p><a href=\"http:\/\/www.cap-loup.fr\/\" target=\"_blank\" rel=\"noopener\"><img loading=\"lazy\" class=\"wp-image-103 alignright\" src=\"http:\/\/www.lapyramideduloup.com\/wp-content\/uploads\/2018\/03\/cap-loup.jpg\" sizes=\"(max-width: 177px) 100vw, 177px\" srcset=\"https:\/\/www.lapyramideduloup.com\/wp-content\/uploads\/2018\/03\/cap-loup.jpg 225w, https:\/\/www.lapyramideduloup.com\/wp-content\/uploads\/2018\/03\/cap-loup-150x150.jpg 150w\" alt=\"\" width=\"187\" height=\"187\" \/><\/a><\/p>\n<p>Created\u00a0in April 2014, CAP Loup is a group of nature protection associations united around a common objective: the protection of<br \/>\nthe wolf in France<\/p>\n<p>Why a collective? Our associations meet to:<br \/>\nin favour of the protection of the wolf,<\/p>\n<p>to\u00a0ensure<br \/>\nthe presence of the species in France,<\/p>\n<p>allow the coexistence between the wolf and human activities.<\/p>\n<p>Website: <strong><a href=\"http:\/\/www.cap-loup.fr\" target=\"_blank\" rel=\"noopener\">www.cap-loup.fr<\/a><\/strong><\/p>\n<p>FERUS is a member of the Cap Ours \/ Cap Lo<a href=\"https:\/\/www.ferus.fr\" target=\"_blank\" rel=\"noopener\"><img loading=\"lazy\" class=\"wp-image-154 alignleft\" src=\"http:\/\/www.lapyramideduloup.com\/wp-content\/uploads\/2018\/03\/FERUS-HD-270x300.jpg\" sizes=\"(max-width: 182px) 100vw, 182px\" srcset=\"https:\/\/www.lapyramideduloup.com\/wp-content\/uploads\/2018\/03\/FERUS-HD-270x300.jpg 270w, https:\/\/www.lapyramideduloup.com\/wp-content\/uploads\/2018\/03\/FERUS-HD-768x852.jpg 768w, https:\/\/www.lapyramideduloup.com\/wp-content\/uploads\/2018\/03\/FERUS-HD-923x1024.jpg 923w, https:\/\/www.lapyramideduloup.com\/wp-content\/uploads\/2018\/03\/FERUS-HD.jpg 1000w\" alt=\"\" width=\"182\" height=\"203\" \/><\/a>up collective and the European Alliance for the Conservation of Wolves. For more than 20 years, FERUS has been campaigning in particular for the coexistence of large predators and domestic herds. FERUS has set itself the objectives, through its actions, of promoting the success of the wolf&#8217;s natural return, the maintenance and strengthening of bear populations and the return and<br \/>\nof lynx populations.<\/p>\n<p>Webside: <a href=\"https:\/\/www.ferus.fr\" target=\"_blank\" rel=\"noopener\"><strong>www.ferus.fr<\/strong><\/a><\/p>\n<p><a href=\"http:\/\/lpo.yonne.free.fr\" target=\"_blank\" rel=\"noopener\"><img loading=\"lazy\" class=\"wp-image-1566 alignright\" src=\"https:\/\/www.lapyramideduloup.com\/wp-content\/uploads\/2019\/03\/LPO_Yonne-300x132.png\" sizes=\"(max-width: 307px) 100vw, 307px\" srcset=\"https:\/\/www.lapyramideduloup.com\/wp-content\/uploads\/2019\/03\/LPO_Yonne-300x132.png 300w, https:\/\/www.lapyramideduloup.com\/wp-content\/uploads\/2019\/03\/LPO_Yonne-768x339.png 768w, https:\/\/www.lapyramideduloup.com\/wp-content\/uploads\/2019\/03\/LPO_Yonne-1024x452.png 1024w\" alt=\"\" width=\"332\" height=\"146\" \/><\/a><\/p>\n<p>The purpose of the Yonne LPO is to act for birds, wildlife, nature and people, and to fight against<br \/>\nthe decline of biodiversity, through knowledge, protection, education and mobilization.<\/p>\n<p>Website: <a href=\"http:\/\/lpo.yonne.free.fr\" target=\"_blank\" rel=\"noopener\"><strong>www.lpo.yonne.free.fr<\/strong><\/a><\/p>\n<p><a href=\"http:\/\/www.bourgogne-nature.fr\/fr\" target=\"_blank\" rel=\"noopener\"><img loading=\"lazy\" class=\"size-medium wp-image-1561 alignright\" src=\"https:\/\/www.lapyramideduloup.com\/wp-content\/uploads\/2019\/03\/Bourgogne-Franche-Comt%C3%A9-Nature-300x176.png\" sizes=\"(max-width: 300px) 100vw, 300px\" srcset=\"https:\/\/www.lapyramideduloup.com\/wp-content\/uploads\/2019\/03\/Bourgogne-Franche-Comt%C3%A9-Nature-300x176.png 300w, https:\/\/www.lapyramideduloup.com\/wp-content\/uploads\/2019\/03\/Bourgogne-Franche-Comt%C3%A9-Nature.png 434w\" alt=\"\" width=\"300\" height=\"176\" \/><\/a><br \/>\nBourgogne-Franche-Comt\u00e9 Nature is a federating association founded in 2012, which groups<br \/>\nand brings together different structures related to biodiversity and life and earth sciences. A necessary cooperation in order to better &#8220;transmit in order to preserve&#8221;!<\/p>\n<p>Website:\u00a0<strong><a href=\"http:\/\/www.bourgogne-nature.fr\/fr\" target=\"_blank\" rel=\"noopener\">www.bourgogne-nature.fr<\/a><\/strong><\/p>\n<p><a href=\"http:\/\/www.shna-autun.net\" target=\"_blank\" rel=\"noopener\"><img loading=\"lazy\" class=\" wp-image-1805 alignleft\" src=\"https:\/\/www.lapyramideduloup.com\/wp-content\/uploads\/2019\/04\/SHNA-300x201.jpg\" sizes=\"(max-width: 300px) 100vw, 300px\" srcset=\"https:\/\/www.lapyramideduloup.com\/wp-content\/uploads\/2019\/04\/SHNA-300x201.jpg 300w, https:\/\/www.lapyramideduloup.com\/wp-content\/uploads\/2019\/04\/SHNA-768x514.jpg 768w, https:\/\/www.lapyramideduloup.com\/wp-content\/uploads\/2019\/04\/SHNA-1024x685.jpg 1024w\" alt=\"\" width=\"302\" height=\"202\" \/><\/a><\/p>\n<p>The Autun Natural History Society (ANHS) is a learned society founded in 1886. It is an<br \/>\nassociation under the 1901 law, recognised as a public utility on 18 May 1895 and approved as an environmental protection association since 18 March 2010. Its purpose is to contribute to the progress of the natural and prehistoric sciences, to propagate<br \/>\ntheir taste, to research, collect, classify and present everything<br \/>\ncan be related to these sciences.<br \/>\nWebsite: <strong><a href=\"http:\/\/www.shna-autun.net\" target=\"_blank\" rel=\"noopener\">www.shna-autun.net<\/a><\/strong><\/p>\n<p><a href=\"http:\/\/www.stationdesmetz.org\/\" target=\"_blank\" rel=\"noopener\"><img loading=\"lazy\" class=\"wp-image-1499 alignright\" src=\"https:\/\/www.lapyramideduloup.com\/wp-content\/uploads\/2019\/02\/SRPM-300x122.jpg\" sizes=\"(max-width: 278px) 100vw, 278px\" srcset=\"https:\/\/www.lapyramideduloup.com\/wp-content\/uploads\/2019\/02\/SRPM-300x122.jpg 300w, https:\/\/www.lapyramideduloup.com\/wp-content\/uploads\/2019\/02\/SRPM.jpg 496w\" alt=\"\" width=\"278\" height=\"113\" \/><\/a><\/p>\n<p>The Metz Multidisciplinary Research Station (SRPM) is located in the heart of the poyaudin grove. The association aims to promote all research on the territory, facilitate links between research and local public or private authorities, and promote applications resulting from research work.<br \/>\nThe SRPM participates in the protocol for sharing nature and landscape data in Burgundy.<\/p>\n<p>Website: <a href=\"http:\/\/www.stationdesmetz.org\" target=\"_blank\" rel=\"noopener\"><strong>www.stationdesmetz.org<\/strong><\/a><\/p>\n<p><a href=\"https:\/\/www.salamandre.net\" target=\"_blank\" rel=\"noopener\"><img loading=\"lazy\" class=\"alignleft wp-image-1554 \" src=\"https:\/\/www.lapyramideduloup.com\/wp-content\/uploads\/2019\/03\/Logo-Salamandre-300x70.png\" sizes=\"(max-width: 300px) 100vw, 300px\" srcset=\"https:\/\/www.lapyramideduloup.com\/wp-content\/uploads\/2019\/03\/Logo-Salamandre-300x70.png 300w, https:\/\/www.lapyramideduloup.com\/wp-content\/uploads\/2019\/03\/Logo-Salamandre.png 423w\" alt=\"\" width=\"396\" height=\"91\" \/><\/a>Born of a child&#8217;s passion, La Salamandre is today an independent and non-profit Franco-Swiss publishing house whose aim is to make nature known, loved and respected.<\/p>\n<p>website: <a href=\"https:\/\/www.salamandre.net\" target=\"_blank\" rel=\"noopener\"><strong>www.salamandre.net<\/strong><\/a><\/p>\n<p>Animal Speech Radio<a href=\"https:\/\/www.paroledanimaux.com\" target=\"_blank\" rel=\"noopener\"><img loading=\"lazy\" class=\"wp-image-1046 alignright\" src=\"https:\/\/www.lapyramideduloup.com\/wp-content\/uploads\/2018\/07\/logo-paroledanimaux.png\" sizes=\"(max-width: 187px) 100vw, 187px\" srcset=\"https:\/\/www.lapyramideduloup.com\/wp-content\/uploads\/2018\/07\/logo-paroledanimaux.png 1744w, https:\/\/www.lapyramideduloup.com\/wp-content\/uploads\/2018\/07\/logo-paroledanimaux-278x300.png 278w, https:\/\/www.lapyramideduloup.com\/wp-content\/uploads\/2018\/07\/logo-paroledanimaux-768x828.png 768w, https:\/\/www.lapyramideduloup.com\/wp-content\/uploads\/2018\/07\/logo-paroledanimaux-950x1024.png 950w\" alt=\"Radio Parole d'animaux\" width=\"187\" height=\"202\" \/><\/a><\/p>\n<p>Animals&#8217; Word: all the information on animal protection (agenda, events, actions, petitions). All day long, columns on animal protection, veganism.<\/p>\n<p>Website: <a href=\"https:\/\/www.paroledanimaux.com\" target=\"_blank\" rel=\"noopener\"><strong>www.paroledanimaux.com<\/strong><\/a><\/p>\n<p><a href=\"https:\/\/apex89astro.wixsite.com\/apex89\" target=\"_blank\" rel=\"noopener\"><img loading=\"lazy\" class=\"alignnone wp-image-832\" src=\"https:\/\/www.lapyramideduloup.com\/wp-content\/uploads\/2018\/06\/Logo-APEX89-.jpg\" sizes=\"(max-width: 276px) 100vw, 276px\" srcset=\"https:\/\/www.lapyramideduloup.com\/wp-content\/uploads\/2018\/06\/Logo-APEX89-.jpg 1542w, https:\/\/www.lapyramideduloup.com\/wp-content\/uploads\/2018\/06\/Logo-APEX89--300x122.jpg 300w, https:\/\/www.lapyramideduloup.com\/wp-content\/uploads\/2018\/06\/Logo-APEX89--768x312.jpg 768w, https:\/\/www.lapyramideduloup.com\/wp-content\/uploads\/2018\/06\/Logo-APEX89--1024x416.jpg 1024w\" alt=\"APEX 89\" width=\"276\" height=\"112\" \/><\/a><\/p>\n<p>APEX 89<br \/>\nThe Association of Amateur Astronomers of Yonne was created in February 1999. Based in Charny (Yonne 89), the APEX 89 association now has about twenty members and aims to achieve a twofold goal: to bring together enthusiasts and popularize astronomy. Accessible to neophytes as well as amateur astronomers, juniors as well as seniors.<\/p>\n<p>Website: <strong><a href=\"https:\/\/apex89astro.wixsite.com\/apex89\" target=\"_blank\" rel=\"noopener\">www.apex89-astro.com<\/a><\/strong><\/p>\n<p><a href=\"http:\/\/www.bienvulartiste.com\" target=\"_blank\" rel=\"noopener\"><img loading=\"lazy\" class=\"alignnone wp-image-110\" src=\"http:\/\/www.lapyramideduloup.com\/wp-content\/uploads\/2018\/03\/solidarts-300x87.png\" sizes=\"(max-width: 248px) 100vw, 248px\" srcset=\"https:\/\/www.lapyramideduloup.com\/wp-content\/uploads\/2018\/03\/solidarts-300x87.png 300w, https:\/\/www.lapyramideduloup.com\/wp-content\/uploads\/2018\/03\/solidarts-768x224.png 768w, https:\/\/www.lapyramideduloup.com\/wp-content\/uploads\/2018\/03\/solidarts-1024x298.png 1024w\" alt=\"\" width=\"248\" height=\"72\" \/><\/a><\/p>\n","protected":false},"excerpt":{"rendered":"<p>\u00a0 \u00a0 Partners Grupo\u00a0Lobo&#8217;s mission is to provide accurate and up-to-date information on wolves, contribute to the development of scientific studies on species, to raise public awareness of the importance of this predator and to promote protective measures that aim<\/p>\n","protected":false},"author":1,"featured_media":0,"parent":0,"menu_order":0,"comment_status":"closed","ping_status":"closed","template":"","meta":[],"_links":{"self":[{"href":"https:\/\/www.lapyramideduloup.com\/en\/wp-json\/wp\/v2\/pages\/2036\/"}],"collection":[{"href":"https:\/\/www.lapyramideduloup.com\/en\/wp-json\/wp\/v2\/pages\/"}],"about":[{"href":"https:\/\/www.lapyramideduloup.com\/en\/wp-json\/wp\/v2\/types\/page\/"}],"author":[{"embeddable":true,"href":"https:\/\/www.lapyramideduloup.com\/en\/wp-json\/wp\/v2\/users\/1\/"}],"replies":[{"embeddable":true,"href":"https:\/\/www.lapyramideduloup.com\/en\/wp-json\/wp\/v2\/comments\/?post=2036"}],"version-history":[{"count":15,"href":"https:\/\/www.lapyramideduloup.com\/en\/wp-json\/wp\/v2\/pages\/2036\/revisions\/"}],"predecessor-version":[{"id":14786,"href":"https:\/\/www.lapyramideduloup.com\/en\/wp-json\/wp\/v2\/pages\/2036\/revisions\/14786\/"}],"wp:attachment":[{"href":"https:\/\/www.lapyramideduloup.com\/en\/wp-json\/wp\/v2\/media\/?parent=2036"}],"curies":[{"name":"wp","href":"https:\/\/api.w.org\/{rel}","templated":true}]}}